{"id":873,"date":"2024-10-29T17:52:49","date_gmt":"2024-10-29T17:52:49","guid":{"rendered":"https:\/\/www.boostshilajit.se\/?post_type=product&#038;p=873"},"modified":"2026-02-01T07:40:11","modified_gmt":"2026-02-01T07:40:11","slug":"black-seed-oil","status":"publish","type":"product","link":"https:\/\/www.boostshilajit.se\/sv_se\/black-seed-oil\/","title":{"rendered":"K\u00f6p svartkummin gummies &#8211; 60 Gummies i burken"},"content":{"rendered":"<div class=\"flex-1 overflow-hidden\">\n<div class=\"h-full\">\n<div class=\"react-scroll-to-bottom--css-bwesf-79elbk h-full\">\n<div class=\"react-scroll-to-bottom--css-bwesf-1n7m0yu\">\n<div class=\"flex flex-col text-sm\">\n<article class=\"w-full scroll-mb-[var(--thread-trailing-height)] text-token-text-primary focus-visible:outline-2 focus-visible:outline-offset-[-4px]\" dir=\"auto\" data-testid=\"conversation-turn-25\" data-scroll-anchor=\"true\">\n<div class=\"m-auto text-base py-[18px] px-3 md:px-4 w-full md:px-5 lg:px-4 xl:px-5\">\n<div class=\"mx-auto flex flex-1 gap-4 text-base md:gap-5 lg:gap-6 md:max-w-3xl lg:max-w-[40rem] xl:max-w-[48rem]\">\n<div class=\"group\/conversation-turn relative flex w-full min-w-0 flex-col agent-turn\">\n<div class=\"flex-col gap-1 md:gap-3\">\n<div class=\"flex max-w-full flex-col flex-grow\">\n<div class=\"min-h-8 text-message flex w-full flex-col items-end gap-2 whitespace-normal break-words [.text-message+&amp;]:mt-5\" dir=\"auto\" data-message-author-role=\"assistant\" data-message-id=\"fde9e052-3692-4fe3-8f67-154490902d81\" data-message-model-slug=\"gpt-4o\">\n<div class=\"flex w-full flex-col gap-1 empty:hidden first:pt-[3px]\">\n<div class=\"markdown prose w-full break-words dark:prose-invert light\"><\/div>\n<\/div>\n<\/div>\n<\/div>\n<\/div>\n<div class=\"absolute\">\n<div class=\"flex items-center justify-center\">\n<p><strong>Produktbeskrivning:<\/strong> Black seed oil, \u00e4ven k\u00e4nd som svartkumminolja, \u00e4r en olja utvunnen fr\u00e5n fr\u00f6n av Nigella sativa-v\u00e4xten. Oljan \u00e4r naturligt rik p\u00e5 antioxidanter och essentiella fettsyror som kan bidra till hudh\u00e4lsa och allm\u00e4nt v\u00e4lbefinnande. Black seed oil har anv\u00e4nts som ett naturligt tillskott i m\u00e5nga kulturer och uppskattas f\u00f6r sin n\u00e4ringst\u00e4thet och m\u00e5ngsidighet. V\u00e5r kallpressade black seed oil bevarar oljans naturliga egenskaper och passar perfekt i b\u00e5de sk\u00f6nhets- och h\u00e4lsorutiner.<\/p>\n<p><strong>Anv\u00e4ndning:<\/strong> Ta en liten m\u00e4ngd dagligen som ett tillskott f\u00f6r att st\u00f6dja v\u00e4lbefinnandet p\u00e5 ett naturligt s\u00e4tt.<\/p>\n<\/div>\n<\/div>\n<\/div>\n<\/div>\n<\/div>\n<\/article>\n<\/div>\n<\/div>\n<\/div>\n<\/div>\n<\/div>\n<div class=\"md:pt-0 dark:border-white\/20 md:border-transparent md:dark:border-transparent w-full\">\n<div>\n<div class=\"m-auto text-base px-3 md:px-4 w-full md:px-5 lg:px-4 xl:px-5\">\n<div class=\"mx-auto flex flex-1 gap-4 text-base md:gap-5 lg:gap-6 md:max-w-3xl lg:max-w-[40rem] xl:max-w-[48rem]\">\n<form class=\"w-full\" aria-haspopup=\"dialog\" aria-expanded=\"false\" aria-controls=\"radix-:rs1:\" data-state=\"closed\">\n<div class=\"relative flex h-full max-w-full flex-1 flex-col\">\n<div class=\"absolute bottom-full left-0 right-0 z-20\">\n<div class=\"relative h-full w-full\">\n<div class=\"mb-2 flex flex-col gap-3.5 pt-2\">\n<div>\n<div class=\"flex w-full items-start gap-4 rounded-2xl border border-token-border-light bg-token-main-surface-primary py-4 pl-5 pr-3 text-sm text-token-text-primary [text-wrap:pretty] dark:border-transparent dark:bg-token-main-surface-secondary md:items-center lg:mx-auto shadow-xxs\">\n<div class=\"mt-1.5 flex grow items-start gap-4 md:mt-0 md:flex-row md:items-center md:justify-between md:gap-8 flex-col\">\n<div class=\"flex max-w-none flex-col\">\n<div class=\"font-bold text-token-text-primary\"><\/div>\n<\/div>\n<\/div>\n<\/div>\n<\/div>\n<\/div>\n<\/div>\n<\/div>\n<\/div>\n<\/form>\n<\/div>\n<\/div>\n<\/div>\n<\/div>\n","protected":false},"excerpt":{"rendered":"<p>Kallpressad Black Seed Oil &#8211; Svartkumminolja | Din Butik<\/p>\n<p>Vi erbjuder en 14-dagars returr\u00e4tt p\u00e5 v\u00e5ra produkter, inklusive shilajit resin och black seed oil, f\u00f6rutsatt att f\u00f6rpackningen \u00e4r obruten och produkten \u00e4r oanv\u00e4nd. Om du av n\u00e5gon anledning inte \u00e4r n\u00f6jd med ditt k\u00f6p, v\u00e4nligen kontakta v\u00e5r kundtj\u00e4nst inom 30 dagar fr\u00e5n k\u00f6pet f\u00f6r att initiera en retur. Returer \u00e4r kostnadsfria, och vi kommer att \u00e5terbetala det fulla beloppet efter att produkten har inspekterats.<\/p>\n","protected":false},"featured_media":1106,"comment_status":"open","ping_status":"closed","template":"","meta":{"_kad_blocks_custom_css":"","_kad_blocks_head_custom_js":"","_kad_blocks_body_custom_js":"","_kad_blocks_footer_custom_js":"","_kadence_starter_templates_imported_post":false,"_kad_post_transparent":"default","_kad_post_title":"","_kad_post_layout":"default","_kad_post_sidebar_id":"","_kad_post_content_style":"default","_kad_post_vertical_padding":"default","_kad_post_feature":"","_kad_post_feature_position":"","_kad_post_header":false,"_kad_post_footer":false,"_kad_post_classname":""},"product_brand":[],"product_cat":[16],"product_tag":[],"product_brands":[],"class_list":{"0":"post-873","1":"product","2":"type-product","3":"status-publish","4":"has-post-thumbnail","6":"product_cat-vitaminer-kosstillskott","8":"first","9":"instock","10":"sale","11":"taxable","12":"shipping-taxable","13":"purchasable","14":"product-type-simple","15":"entry","16":"content-bg","17":"loop-entry"},"taxonomy_info":{"product_cat":[{"value":16,"label":"Kostillskott"}]},"featured_image_src_large":["https:\/\/www.boostshilajit.se\/wp-content\/uploads\/2025\/01\/IMG_3264-1-1024x1024.avif",1024,1024,true],"author_info":[],"comment_info":5,"_links":{"self":[{"href":"https:\/\/www.boostshilajit.se\/sv_se\/wp-json\/wp\/v2\/product\/873","targetHints":{"allow":["GET"]}}],"collection":[{"href":"https:\/\/www.boostshilajit.se\/sv_se\/wp-json\/wp\/v2\/product"}],"about":[{"href":"https:\/\/www.boostshilajit.se\/sv_se\/wp-json\/wp\/v2\/types\/product"}],"replies":[{"embeddable":true,"href":"https:\/\/www.boostshilajit.se\/sv_se\/wp-json\/wp\/v2\/comments?post=873"}],"wp:featuredmedia":[{"embeddable":true,"href":"https:\/\/www.boostshilajit.se\/sv_se\/wp-json\/wp\/v2\/media\/1106"}],"wp:attachment":[{"href":"https:\/\/www.boostshilajit.se\/sv_se\/wp-json\/wp\/v2\/media?parent=873"}],"wp:term":[{"taxonomy":"product_brand","embeddable":true,"href":"https:\/\/www.boostshilajit.se\/sv_se\/wp-json\/wp\/v2\/product_brand?post=873"},{"taxonomy":"product_cat","embeddable":true,"href":"https:\/\/www.boostshilajit.se\/sv_se\/wp-json\/wp\/v2\/product_cat?post=873"},{"taxonomy":"product_tag","embeddable":true,"href":"https:\/\/www.boostshilajit.se\/sv_se\/wp-json\/wp\/v2\/product_tag?post=873"},{"taxonomy":"product_brands","embeddable":true,"href":"https:\/\/www.boostshilajit.se\/sv_se\/wp-json\/wp\/v2\/product_brands?post=873"}],"curies":[{"name":"wp","href":"https:\/\/api.w.org\/{rel}","templated":true}]}}