{"id":1784,"date":"2025-10-27T08:47:07","date_gmt":"2025-10-27T08:47:07","guid":{"rendered":"https:\/\/www.boostshilajit.se\/?post_type=product&#038;p=1784"},"modified":"2026-03-18T16:47:02","modified_gmt":"2026-03-18T16:47:02","slug":"organsik-afrikansk-black-soap","status":"publish","type":"product","link":"https:\/\/www.boostshilajit.se\/sv_se\/organsik-afrikansk-black-soap\/","title":{"rendered":"Organsik Afrikansk Black Soap"},"content":{"rendered":"<p>Glamor\u00f6s Ansikts\/kropps organisk Black Soap berikad med avokado och arganolja erbjuder en lyxig reng\u00f6ringsupplevelse med extra hudv\u00e5rds f\u00f6rdelar. Kombinationen av ekologiska ingredienser ger en djup och skonsam reng\u00f6ring, som avl\u00e4gsnar orenheter och \u00f6verfl\u00f6dig olja samtidigt som den ger n\u00e4ring och \u00e5terfuktar huden. Avokado olja \u00e4r rik p\u00e5 vitaminer och antioxidanter, vilket hj\u00e4lper till att \u00e5terfukta och mjukg\u00f6ra huden, medan argan olja ger ytterligare \u00e5terfuktning och fr\u00e4mjar en h\u00e4lsosam hy. Denna tv\u00e5l \u00e4r idealisk f\u00f6r alla hudtyper, inklusive k\u00e4nslig och torr hud, och l\u00e4mnar ditt ansikte uppfriskat, f\u00f6ryngrad och str\u00e5lande med en touch av alla naturliga medel som kroppen beh\u00f6ver. Afrikansk black soap<\/p>\n","protected":false},"excerpt":{"rendered":"<p>Glamor\u00f6s Ansikts\/kropps organisk Black Soap berikad med avokado och arganolja erbjuder en lyxig reng\u00f6ringsupplevelse med extra hudv\u00e5rds f\u00f6rdelar. Kombinationen av ekologiska ingredienser ger en djup och skonsam reng\u00f6ring, som avl\u00e4gsnar orenheter och \u00f6verfl\u00f6dig olja samtidigt som den ger n\u00e4ring och \u00e5terfuktar huden. Avokado olja \u00e4r rik p\u00e5 vitaminer och antioxidanter, vilket hj\u00e4lper till att \u00e5terfukta&#8230;<\/p>\n","protected":false},"featured_media":1785,"comment_status":"open","ping_status":"closed","template":"","meta":{"_kad_blocks_custom_css":"","_kad_blocks_head_custom_js":"","_kad_blocks_body_custom_js":"","_kad_blocks_footer_custom_js":"","_kadence_starter_templates_imported_post":false,"_kad_post_transparent":"default","_kad_post_title":"","_kad_post_layout":"default","_kad_post_sidebar_id":"","_kad_post_content_style":"default","_kad_post_vertical_padding":"default","_kad_post_feature":"","_kad_post_feature_position":"","_kad_post_header":false,"_kad_post_footer":false,"_kad_post_classname":""},"product_brand":[],"product_cat":[87],"product_tag":[],"product_brands":[],"class_list":{"0":"post-1784","1":"product","2":"type-product","3":"status-publish","4":"has-post-thumbnail","6":"product_cat-hudvard","8":"first","9":"outofstock","10":"taxable","11":"shipping-taxable","12":"purchasable","13":"product-type-simple","14":"entry","15":"content-bg","16":"loop-entry"},"taxonomy_info":{"product_cat":[{"value":87,"label":"Hudv\u00e5rd"}]},"featured_image_src_large":["https:\/\/www.boostshilajit.se\/wp-content\/uploads\/2025\/10\/IMG_4630.avif",795,741,false],"author_info":[],"comment_info":1,"_links":{"self":[{"href":"https:\/\/www.boostshilajit.se\/sv_se\/wp-json\/wp\/v2\/product\/1784","targetHints":{"allow":["GET"]}}],"collection":[{"href":"https:\/\/www.boostshilajit.se\/sv_se\/wp-json\/wp\/v2\/product"}],"about":[{"href":"https:\/\/www.boostshilajit.se\/sv_se\/wp-json\/wp\/v2\/types\/product"}],"replies":[{"embeddable":true,"href":"https:\/\/www.boostshilajit.se\/sv_se\/wp-json\/wp\/v2\/comments?post=1784"}],"wp:featuredmedia":[{"embeddable":true,"href":"https:\/\/www.boostshilajit.se\/sv_se\/wp-json\/wp\/v2\/media\/1785"}],"wp:attachment":[{"href":"https:\/\/www.boostshilajit.se\/sv_se\/wp-json\/wp\/v2\/media?parent=1784"}],"wp:term":[{"taxonomy":"product_brand","embeddable":true,"href":"https:\/\/www.boostshilajit.se\/sv_se\/wp-json\/wp\/v2\/product_brand?post=1784"},{"taxonomy":"product_cat","embeddable":true,"href":"https:\/\/www.boostshilajit.se\/sv_se\/wp-json\/wp\/v2\/product_cat?post=1784"},{"taxonomy":"product_tag","embeddable":true,"href":"https:\/\/www.boostshilajit.se\/sv_se\/wp-json\/wp\/v2\/product_tag?post=1784"},{"taxonomy":"product_brands","embeddable":true,"href":"https:\/\/www.boostshilajit.se\/sv_se\/wp-json\/wp\/v2\/product_brands?post=1784"}],"curies":[{"name":"wp","href":"https:\/\/api.w.org\/{rel}","templated":true}]}}