{"id":1611,"date":"2025-05-06T14:11:32","date_gmt":"2025-05-06T14:11:32","guid":{"rendered":"https:\/\/www.boostshilajit.se\/?page_id=1611"},"modified":"2025-09-08T18:24:45","modified_gmt":"2025-09-08T18:24:45","slug":"artiklar","status":"publish","type":"page","link":"https:\/\/www.boostshilajit.se\/sv_se\/artiklar\/","title":{"rendered":"Artiklar"},"content":{"rendered":"<style>.kb-posts-id-1611_809b49-52 .loop-entry{background:transparent;box-shadow:none;}.kb-posts-id-1611_809b49-52 .loop-entry > .entry-content-wrap{padding:0px;}.kb-posts-id-1611_809b49-52 .loop-entry .post-thumbnail{margin-bottom:1em;}.kb-posts-id-1611_809b49-52 .kb-post-list-item{display:grid;}<\/style><ul class=\"wp-block-kadence-posts kb-posts kadence-posts-list kb-posts-id-1611_809b49-52 content-wrap grid-cols kb-posts-style-unboxed grid-sm-col-1 grid-lg-col-1 item-image-style-beside\"><li class=\"kb-post-list-item\">\n\t<article class=\"entry content-bg loop-entry post-1294 post type-post status-publish format-standard has-post-thumbnail hentry category-shilajit-halsa\">\n\t\t\t\t<a aria-hidden=\"true\" tabindex=\"-1\" role=\"presentation\" class=\"post-thumbnail kadence-thumbnail-ratio-2-3\" href=\"https:\/\/www.boostshilajit.se\/sv_se\/shilajit-gummies-himalayan\/\" aria-label=\"Himalayan Shilajit Resin &#8211; Gummies\">\n\t\t\t<div class=\"post-thumbnail-inner\">\n\t\t\t\t<img loading=\"lazy\" decoding=\"async\" width=\"768\" height=\"525\" src=\"https:\/\/www.boostshilajit.se\/wp-content\/uploads\/2025\/01\/blog-shilajit-1-1-e1744191669795-768x525.avif\" class=\"attachment-medium_large size-medium_large wp-post-image\" alt=\"bild p\u00e5 f\u00e4rsk shilajit resin i himalayan\" srcset=\"https:\/\/www.boostshilajit.se\/wp-content\/uploads\/2025\/01\/blog-shilajit-1-1-e1744191669795-768x525.avif 768w, https:\/\/www.boostshilajit.se\/wp-content\/uploads\/2025\/01\/blog-shilajit-1-1-e1744191669795-300x205.avif 300w, https:\/\/www.boostshilajit.se\/wp-content\/uploads\/2025\/01\/blog-shilajit-1-1-e1744191669795-600x410.avif 600w, https:\/\/www.boostshilajit.se\/wp-content\/uploads\/2025\/01\/blog-shilajit-1-1-e1744191669795.avif 802w\" sizes=\"auto, (max-width: 768px) 100vw, 768px\" \/>\t\t\t<\/div>\n\t\t<\/a><!-- .post-thumbnail -->\n\t\t\t\t<div class=\"entry-content-wrap\">\n\t\t\t<header class=\"entry-header\">\n\t\t<div class=\"entry-taxonomies\">\n\t\t<span class=\"category-links term-links category-style-normal\">\n\t\t\t<a href=\"https:\/\/www.boostshilajit.se\/sv_se\/shilajit-halsa\/\" class=\"category-link-shilajit-halsa\" rel=\"tag\">Shilajit H\u00e4lsa<\/a>\t\t<\/span>\n\t<\/div><!-- .entry-taxonomies -->\n\t<h2 class=\"entry-title\"><a href=\"https:\/\/www.boostshilajit.se\/sv_se\/shilajit-gummies-himalayan\/\" rel=\"bookmark\">Himalayan Shilajit Resin &#8211; Gummies<\/a><\/h2>\t<div class=\"entry-meta entry-meta-divider-dot\">\n\t<span class=\"posted-by\"><span class=\"meta-label\">By<\/span><span class=\"author vcard\"><span class=\"fn n\">boostshilajit.se<\/span><\/span><\/span>\t\t\t<span class=\"posted-on\">\n\t\t\t\t<time class=\"entry-date published\" datetime=\"2025-03-19T11:34:45+00:00\">mars 19, 2025<\/time><time class=\"updated\" datetime=\"2026-03-25T11:10:45+00:00\">mars 25, 2026<\/time>\t\t\t<\/span>\n\t\t\t\t<\/div><!-- .entry-meta -->\n\t<\/header><!-- .entry-header -->\n\t<div class=\"entry-summary\">\n\t\t<p>Himalayan Shilajit Resin och Shilajit Gummies \u2013 En Komplett Guide Shilajit har anv\u00e4nts inom ayurvedisk medicin i \u00e5rhundraden och \u00e4r k\u00e4nt&#8230;<\/p>\n\t<\/div><!-- .entry-summary -->\n\t<footer class=\"entry-footer\">\n\t\t\t<div class=\"entry-actions\">\n\t\t\t<p class=\"more-link-wrap\">\n\t\t\t\t<a href=\"https:\/\/www.boostshilajit.se\/sv_se\/shilajit-gummies-himalayan\/\" class=\"post-more-link\">\n\t\t\t\t\tRead More<span class=\"screen-reader-text\"> Himalayan Shilajit Resin &#8211; Gummies<\/span><span class=\"kadence-svg-iconset svg-baseline\"><svg aria-hidden=\"true\" class=\"kadence-svg-icon kadence-arrow-right-alt-svg\" fill=\"currentColor\" version=\"1.1\" xmlns=\"http:\/\/www.w3.org\/2000\/svg\" width=\"27\" height=\"28\" viewBox=\"0 0 27 28\"><title>Continue<\/title><path d=\"M27 13.953c0 0.141-0.063 0.281-0.156 0.375l-6 5.531c-0.156 0.141-0.359 0.172-0.547 0.094-0.172-0.078-0.297-0.25-0.297-0.453v-3.5h-19.5c-0.281 0-0.5-0.219-0.5-0.5v-3c0-0.281 0.219-0.5 0.5-0.5h19.5v-3.5c0-0.203 0.109-0.375 0.297-0.453s0.391-0.047 0.547 0.078l6 5.469c0.094 0.094 0.156 0.219 0.156 0.359v0z\"><\/path>\n\t\t\t<\/svg><\/span>\t\t\t\t<\/a>\n\t\t\t<\/p>\n\t\t<\/div><!-- .entry-actions -->\n\t\t<\/footer><!-- .entry-footer -->\t\t<\/div>\n\t<\/article>\n<\/li>\n<li class=\"kb-post-list-item\">\n\t<article class=\"entry content-bg loop-entry post-1152 post type-post status-publish format-standard has-post-thumbnail hentry category-shilajit-halsa\">\n\t\t\t\t<a aria-hidden=\"true\" tabindex=\"-1\" role=\"presentation\" class=\"post-thumbnail kadence-thumbnail-ratio-2-3\" href=\"https:\/\/www.boostshilajit.se\/sv_se\/6-anledningar-till-varfor-du-bor-prova-shilajit\/\" aria-label=\"Shilajit Resin\">\n\t\t\t<div class=\"post-thumbnail-inner\">\n\t\t\t\t<img loading=\"lazy\" decoding=\"async\" width=\"768\" height=\"595\" src=\"https:\/\/www.boostshilajit.se\/wp-content\/uploads\/2025\/01\/Example-A-Roll-Image-scaled-1-768x595.avif\" class=\"attachment-medium_large size-medium_large wp-post-image\" alt=\"bild p\u00e5 mountain\" srcset=\"https:\/\/www.boostshilajit.se\/wp-content\/uploads\/2025\/01\/Example-A-Roll-Image-scaled-1-768x595.avif 768w, https:\/\/www.boostshilajit.se\/wp-content\/uploads\/2025\/01\/Example-A-Roll-Image-scaled-1-300x232.avif 300w, https:\/\/www.boostshilajit.se\/wp-content\/uploads\/2025\/01\/Example-A-Roll-Image-scaled-1-1024x793.avif 1024w, https:\/\/www.boostshilajit.se\/wp-content\/uploads\/2025\/01\/Example-A-Roll-Image-scaled-1-1536x1189.avif 1536w, https:\/\/www.boostshilajit.se\/wp-content\/uploads\/2025\/01\/Example-A-Roll-Image-scaled-1-2048x1586.avif 2048w, https:\/\/www.boostshilajit.se\/wp-content\/uploads\/2025\/01\/Example-A-Roll-Image-scaled-1-600x465.avif 600w\" sizes=\"auto, (max-width: 768px) 100vw, 768px\" \/>\t\t\t<\/div>\n\t\t<\/a><!-- .post-thumbnail -->\n\t\t\t\t<div class=\"entry-content-wrap\">\n\t\t\t<header class=\"entry-header\">\n\t\t<div class=\"entry-taxonomies\">\n\t\t<span class=\"category-links term-links category-style-normal\">\n\t\t\t<a href=\"https:\/\/www.boostshilajit.se\/sv_se\/shilajit-halsa\/\" class=\"category-link-shilajit-halsa\" rel=\"tag\">Shilajit H\u00e4lsa<\/a>\t\t<\/span>\n\t<\/div><!-- .entry-taxonomies -->\n\t<h2 class=\"entry-title\"><a href=\"https:\/\/www.boostshilajit.se\/sv_se\/6-anledningar-till-varfor-du-bor-prova-shilajit\/\" rel=\"bookmark\">Shilajit Resin<\/a><\/h2>\t<div class=\"entry-meta entry-meta-divider-dot\">\n\t<span class=\"posted-by\"><span class=\"meta-label\">By<\/span><span class=\"author vcard\"><span class=\"fn n\">boostshilajit.se<\/span><\/span><\/span>\t\t\t<span class=\"posted-on\">\n\t\t\t\t<time class=\"entry-date published\" datetime=\"2025-01-27T12:51:24+00:00\">januari 27, 2025<\/time><time class=\"updated\" datetime=\"2025-03-15T08:47:53+00:00\">mars 15, 2025<\/time>\t\t\t<\/span>\n\t\t\t\t<\/div><!-- .entry-meta -->\n\t<\/header><!-- .entry-header -->\n\t<div class=\"entry-summary\">\n\t\t<p>6 Anledningar till Varf\u00f6r Du B\u00f6r Pr\u00f6va Shilajit Shilajit \u00e4r ett kraftfullt, naturligt kosttillskott som har anv\u00e4nts i tusentals \u00e5r i&#8230;<\/p>\n\t<\/div><!-- .entry-summary -->\n\t<footer class=\"entry-footer\">\n\t\t\t<div class=\"entry-actions\">\n\t\t\t<p class=\"more-link-wrap\">\n\t\t\t\t<a href=\"https:\/\/www.boostshilajit.se\/sv_se\/6-anledningar-till-varfor-du-bor-prova-shilajit\/\" class=\"post-more-link\">\n\t\t\t\t\tRead More<span class=\"screen-reader-text\"> Shilajit Resin<\/span><span class=\"kadence-svg-iconset svg-baseline\"><svg aria-hidden=\"true\" class=\"kadence-svg-icon kadence-arrow-right-alt-svg\" fill=\"currentColor\" version=\"1.1\" xmlns=\"http:\/\/www.w3.org\/2000\/svg\" width=\"27\" height=\"28\" viewBox=\"0 0 27 28\"><title>Continue<\/title><path d=\"M27 13.953c0 0.141-0.063 0.281-0.156 0.375l-6 5.531c-0.156 0.141-0.359 0.172-0.547 0.094-0.172-0.078-0.297-0.25-0.297-0.453v-3.5h-19.5c-0.281 0-0.5-0.219-0.5-0.5v-3c0-0.281 0.219-0.5 0.5-0.5h19.5v-3.5c0-0.203 0.109-0.375 0.297-0.453s0.391-0.047 0.547 0.078l6 5.469c0.094 0.094 0.156 0.219 0.156 0.359v0z\"><\/path>\n\t\t\t<\/svg><\/span>\t\t\t\t<\/a>\n\t\t\t<\/p>\n\t\t<\/div><!-- .entry-actions -->\n\t\t<\/footer><!-- .entry-footer -->\t\t<\/div>\n\t<\/article>\n<\/li>\n<\/ul>","protected":false},"excerpt":{"rendered":"","protected":false},"author":1,"featured_media":0,"parent":0,"menu_order":0,"comment_status":"closed","ping_status":"closed","template":"","meta":{"_kad_blocks_custom_css":"","_kad_blocks_head_custom_js":"","_kad_blocks_body_custom_js":"","_kad_blocks_footer_custom_js":"","_kadence_starter_templates_imported_post":false,"_kad_post_transparent":"","_kad_post_title":"hide","_kad_post_layout":"fullwidth","_kad_post_sidebar_id":"","_kad_post_content_style":"unboxed","_kad_post_vertical_padding":"hide","_kad_post_feature":"","_kad_post_feature_position":"","_kad_post_header":false,"_kad_post_footer":false,"_kad_post_classname":"","footnotes":""},"class_list":["post-1611","page","type-page","status-publish","hentry"],"taxonomy_info":[],"featured_image_src_large":false,"author_info":{"display_name":"boostshilajit.se","author_link":"https:\/\/www.boostshilajit.se\/sv_se\/author\/boostshilajit-se\/"},"comment_info":0,"_links":{"self":[{"href":"https:\/\/www.boostshilajit.se\/sv_se\/wp-json\/wp\/v2\/pages\/1611","targetHints":{"allow":["GET"]}}],"collection":[{"href":"https:\/\/www.boostshilajit.se\/sv_se\/wp-json\/wp\/v2\/pages"}],"about":[{"href":"https:\/\/www.boostshilajit.se\/sv_se\/wp-json\/wp\/v2\/types\/page"}],"author":[{"embeddable":true,"href":"https:\/\/www.boostshilajit.se\/sv_se\/wp-json\/wp\/v2\/users\/1"}],"replies":[{"embeddable":true,"href":"https:\/\/www.boostshilajit.se\/sv_se\/wp-json\/wp\/v2\/comments?post=1611"}],"version-history":[{"count":1,"href":"https:\/\/www.boostshilajit.se\/sv_se\/wp-json\/wp\/v2\/pages\/1611\/revisions"}],"predecessor-version":[{"id":1612,"href":"https:\/\/www.boostshilajit.se\/sv_se\/wp-json\/wp\/v2\/pages\/1611\/revisions\/1612"}],"wp:attachment":[{"href":"https:\/\/www.boostshilajit.se\/sv_se\/wp-json\/wp\/v2\/media?parent=1611"}],"curies":[{"name":"wp","href":"https:\/\/api.w.org\/{rel}","templated":true}]}}