{"id":1261,"date":"2025-02-05T20:21:25","date_gmt":"2025-02-05T20:21:25","guid":{"rendered":"https:\/\/www.boostshilajit.se\/?page_id=1261"},"modified":"2025-04-09T12:19:45","modified_gmt":"2025-04-09T12:19:45","slug":"om-boostshilajit","status":"publish","type":"page","link":"https:\/\/www.boostshilajit.se\/sv_se\/om-boostshilajit\/","title":{"rendered":"Om Boostshilajit"},"content":{"rendered":"<style>.kb-row-layout-id1261_60c0f2-0a > .kt-row-column-wrap{align-content:start;}:where(.kb-row-layout-id1261_60c0f2-0a > .kt-row-column-wrap) > .wp-block-kadence-column{justify-content:start;}.kb-row-layout-id1261_60c0f2-0a > .kt-row-column-wrap{column-gap:var(--global-kb-gap-md, 2rem);row-gap:var(--global-kb-gap-md, 2rem);padding-top:var(--global-kb-spacing-sm, 1.5rem);padding-bottom:var(--global-kb-spacing-sm, 1.5rem);grid-template-columns:minmax(0, 1fr);}.kb-row-layout-id1261_60c0f2-0a > .kt-row-layout-overlay{opacity:0.30;}@media all and (max-width: 1024px){.kb-row-layout-id1261_60c0f2-0a > .kt-row-column-wrap{grid-template-columns:minmax(0, 1fr);}}@media all and (max-width: 767px){.kb-row-layout-id1261_60c0f2-0a > .kt-row-column-wrap{grid-template-columns:minmax(0, 1fr);}}<\/style><div class=\"kb-row-layout-wrap kb-row-layout-id1261_60c0f2-0a alignnone wp-block-kadence-rowlayout\"><div class=\"kt-row-column-wrap kt-has-1-columns kt-row-layout-equal kt-tab-layout-inherit kt-mobile-layout-row kt-row-valign-top\">\n<style>.kadence-column1261_e252d9-d5 > .kt-inside-inner-col,.kadence-column1261_e252d9-d5 > .kt-inside-inner-col:before{border-top-left-radius:0px;border-top-right-radius:0px;border-bottom-right-radius:0px;border-bottom-left-radius:0px;}.kadence-column1261_e252d9-d5 > .kt-inside-inner-col{column-gap:var(--global-kb-gap-sm, 1rem);}.kadence-column1261_e252d9-d5 > .kt-inside-inner-col{flex-direction:column;}.kadence-column1261_e252d9-d5 > .kt-inside-inner-col > .aligncenter{width:100%;}.kadence-column1261_e252d9-d5 > .kt-inside-inner-col:before{opacity:0.3;}.kadence-column1261_e252d9-d5{position:relative;}@media all and (max-width: 1024px){.kadence-column1261_e252d9-d5 > .kt-inside-inner-col{flex-direction:column;justify-content:center;}}@media all and (max-width: 767px){.kadence-column1261_e252d9-d5 > .kt-inside-inner-col{flex-direction:column;justify-content:center;}}<\/style>\n<div class=\"wp-block-kadence-column kadence-column1261_e252d9-d5\"><div class=\"kt-inside-inner-col\"><style>.wp-block-kadence-advancedheading.kt-adv-heading1261_477bf9-cc, .wp-block-kadence-advancedheading.kt-adv-heading1261_477bf9-cc[data-kb-block=\"kb-adv-heading1261_477bf9-cc\"]{font-weight:bold;font-style:normal;}.wp-block-kadence-advancedheading.kt-adv-heading1261_477bf9-cc mark.kt-highlight, .wp-block-kadence-advancedheading.kt-adv-heading1261_477bf9-cc[data-kb-block=\"kb-adv-heading1261_477bf9-cc\"] mark.kt-highlight{font-style:normal;color:#f76a0c;-webkit-box-decoration-break:clone;box-decoration-break:clone;padding-top:0px;padding-right:0px;padding-bottom:0px;padding-left:0px;}.wp-block-kadence-advancedheading.kt-adv-heading1261_477bf9-cc img.kb-inline-image, .wp-block-kadence-advancedheading.kt-adv-heading1261_477bf9-cc[data-kb-block=\"kb-adv-heading1261_477bf9-cc\"] img.kb-inline-image{width:150px;vertical-align:baseline;}<\/style>\n<h1 class=\"kt-adv-heading1261_477bf9-cc wp-block-kadence-advancedheading\" data-kb-block=\"kb-adv-heading1261_477bf9-cc\"><strong>V\u00e5rt Uppdrag p\u00e5 Boost Shilajit<\/strong><\/h1>\n\n\n<style>.wp-block-kadence-advancedheading.kt-adv-heading1261_f85a78-d3, .wp-block-kadence-advancedheading.kt-adv-heading1261_f85a78-d3[data-kb-block=\"kb-adv-heading1261_f85a78-d3\"]{font-style:normal;}.wp-block-kadence-advancedheading.kt-adv-heading1261_f85a78-d3 mark.kt-highlight, .wp-block-kadence-advancedheading.kt-adv-heading1261_f85a78-d3[data-kb-block=\"kb-adv-heading1261_f85a78-d3\"] mark.kt-highlight{font-style:normal;color:#f76a0c;-webkit-box-decoration-break:clone;box-decoration-break:clone;padding-top:0px;padding-right:0px;padding-bottom:0px;padding-left:0px;}.wp-block-kadence-advancedheading.kt-adv-heading1261_f85a78-d3 img.kb-inline-image, .wp-block-kadence-advancedheading.kt-adv-heading1261_f85a78-d3[data-kb-block=\"kb-adv-heading1261_f85a78-d3\"] img.kb-inline-image{width:150px;vertical-align:baseline;}<\/style>\n<p class=\"kt-adv-heading1261_f85a78-d3 wp-block-kadence-advancedheading\" data-kb-block=\"kb-adv-heading1261_f85a78-d3\">P\u00e5 Boost Shilajit str\u00e4var vi efter att erbjuda de renaste och mest effektiva kosttillskotten f\u00f6r att optimera v\u00e5ra kunders h\u00e4lsa och prestation. Vi tror att en balanserad och stark h\u00e4lsa \u00e4r nyckeln till ett lyckligt liv. D\u00e4rf\u00f6r utvecklar vi noggrant utvalda, naturliga produkter som \u00f6kar energi, kognitiv f\u00f6rm\u00e5ga och allm\u00e4nt v\u00e4lbefinnande.<\/p>\n\n\n<style>.wp-block-kadence-advancedheading.kt-adv-heading1261_ad1057-18, .wp-block-kadence-advancedheading.kt-adv-heading1261_ad1057-18[data-kb-block=\"kb-adv-heading1261_ad1057-18\"]{font-weight:bold;font-style:normal;}.wp-block-kadence-advancedheading.kt-adv-heading1261_ad1057-18 mark.kt-highlight, .wp-block-kadence-advancedheading.kt-adv-heading1261_ad1057-18[data-kb-block=\"kb-adv-heading1261_ad1057-18\"] mark.kt-highlight{font-style:normal;color:#f76a0c;-webkit-box-decoration-break:clone;box-decoration-break:clone;padding-top:0px;padding-right:0px;padding-bottom:0px;padding-left:0px;}.wp-block-kadence-advancedheading.kt-adv-heading1261_ad1057-18 img.kb-inline-image, .wp-block-kadence-advancedheading.kt-adv-heading1261_ad1057-18[data-kb-block=\"kb-adv-heading1261_ad1057-18\"] img.kb-inline-image{width:150px;vertical-align:baseline;}<\/style>\n<h1 class=\"kt-adv-heading1261_ad1057-18 wp-block-kadence-advancedheading\" data-kb-block=\"kb-adv-heading1261_ad1057-18\"><strong>Noggrant utvalda r\u00e5varor<\/strong><\/h1>\n\n\n<style>.wp-block-kadence-advancedheading.kt-adv-heading1261_4757db-3a, .wp-block-kadence-advancedheading.kt-adv-heading1261_4757db-3a[data-kb-block=\"kb-adv-heading1261_4757db-3a\"]{font-style:normal;}.wp-block-kadence-advancedheading.kt-adv-heading1261_4757db-3a mark.kt-highlight, .wp-block-kadence-advancedheading.kt-adv-heading1261_4757db-3a[data-kb-block=\"kb-adv-heading1261_4757db-3a\"] mark.kt-highlight{font-style:normal;color:#f76a0c;-webkit-box-decoration-break:clone;box-decoration-break:clone;padding-top:0px;padding-right:0px;padding-bottom:0px;padding-left:0px;}.wp-block-kadence-advancedheading.kt-adv-heading1261_4757db-3a img.kb-inline-image, .wp-block-kadence-advancedheading.kt-adv-heading1261_4757db-3a[data-kb-block=\"kb-adv-heading1261_4757db-3a\"] img.kb-inline-image{width:150px;vertical-align:baseline;}<\/style>\n<p class=\"kt-adv-heading1261_4757db-3a wp-block-kadence-advancedheading\" data-kb-block=\"kb-adv-heading1261_4757db-3a\">Vi samarbetar endast med de mest p\u00e5litliga leverant\u00f6rerna f\u00f6r att kunna erbjuda de renaste och mest potenta alternativen p\u00e5 marknaden. V\u00e5r Shilajit genomg\u00e5r noggranna tester f\u00f6r att s\u00e4kerst\u00e4lla dess kvalitet och effektivitet.<\/p>\n\n\n<style>.wp-block-kadence-advancedheading.kt-adv-heading1261_08b70f-97, .wp-block-kadence-advancedheading.kt-adv-heading1261_08b70f-97[data-kb-block=\"kb-adv-heading1261_08b70f-97\"]{font-style:normal;}.wp-block-kadence-advancedheading.kt-adv-heading1261_08b70f-97 mark.kt-highlight, .wp-block-kadence-advancedheading.kt-adv-heading1261_08b70f-97[data-kb-block=\"kb-adv-heading1261_08b70f-97\"] mark.kt-highlight{font-style:normal;color:#f76a0c;-webkit-box-decoration-break:clone;box-decoration-break:clone;padding-top:0px;padding-right:0px;padding-bottom:0px;padding-left:0px;}.wp-block-kadence-advancedheading.kt-adv-heading1261_08b70f-97 img.kb-inline-image, .wp-block-kadence-advancedheading.kt-adv-heading1261_08b70f-97[data-kb-block=\"kb-adv-heading1261_08b70f-97\"] img.kb-inline-image{width:150px;vertical-align:baseline;}<\/style>\n<h1 class=\"kt-adv-heading1261_08b70f-97 wp-block-kadence-advancedheading\" data-kb-block=\"kb-adv-heading1261_08b70f-97\">S\u00e4kerhet och renhet<\/h1>\n\n\n<style>.wp-block-kadence-advancedheading.kt-adv-heading1261_2eca51-d4, .wp-block-kadence-advancedheading.kt-adv-heading1261_2eca51-d4[data-kb-block=\"kb-adv-heading1261_2eca51-d4\"]{font-style:normal;}.wp-block-kadence-advancedheading.kt-adv-heading1261_2eca51-d4 mark.kt-highlight, .wp-block-kadence-advancedheading.kt-adv-heading1261_2eca51-d4[data-kb-block=\"kb-adv-heading1261_2eca51-d4\"] mark.kt-highlight{font-style:normal;color:#f76a0c;-webkit-box-decoration-break:clone;box-decoration-break:clone;padding-top:0px;padding-right:0px;padding-bottom:0px;padding-left:0px;}.wp-block-kadence-advancedheading.kt-adv-heading1261_2eca51-d4 img.kb-inline-image, .wp-block-kadence-advancedheading.kt-adv-heading1261_2eca51-d4[data-kb-block=\"kb-adv-heading1261_2eca51-d4\"] img.kb-inline-image{width:150px;vertical-align:baseline;}<\/style>\n<p class=\"kt-adv-heading1261_2eca51-d4 wp-block-kadence-advancedheading\" data-kb-block=\"kb-adv-heading1261_2eca51-d4\">S\u00e4kerhet \u00e4r v\u00e5r h\u00f6gsta prioritet. V\u00e5r Shilajit \u00e4r 100% naturlig, fri fr\u00e5n tillsatser och inneh\u00e5ller en h\u00f6g koncentration av fulvinsyra (minst 78%).<br>Boost Shilajit genomg\u00e5r laboratorietester f\u00f6r att garantera:<br>\u00c4kthet och renhet<br>Fr\u00e5nvaro av tungmetaller och skadliga f\u00f6roreningar<br>Certifiering enligt HACCP-standarder.<\/p>\n\n\n<style>.wp-block-kadence-advancedheading.kt-adv-heading1261_1f2d7e-00, .wp-block-kadence-advancedheading.kt-adv-heading1261_1f2d7e-00[data-kb-block=\"kb-adv-heading1261_1f2d7e-00\"]{font-style:normal;}.wp-block-kadence-advancedheading.kt-adv-heading1261_1f2d7e-00 mark.kt-highlight, .wp-block-kadence-advancedheading.kt-adv-heading1261_1f2d7e-00[data-kb-block=\"kb-adv-heading1261_1f2d7e-00\"] mark.kt-highlight{font-style:normal;color:#f76a0c;-webkit-box-decoration-break:clone;box-decoration-break:clone;padding-top:0px;padding-right:0px;padding-bottom:0px;padding-left:0px;}.wp-block-kadence-advancedheading.kt-adv-heading1261_1f2d7e-00 img.kb-inline-image, .wp-block-kadence-advancedheading.kt-adv-heading1261_1f2d7e-00[data-kb-block=\"kb-adv-heading1261_1f2d7e-00\"] img.kb-inline-image{width:150px;vertical-align:baseline;}<\/style>\n<p class=\"kt-adv-heading1261_1f2d7e-00 wp-block-kadence-advancedheading\" data-kb-block=\"kb-adv-heading1261_1f2d7e-00\">Varje produkt kontrolleras och f\u00f6rseglas vid produktion f\u00f6r att s\u00e4kerst\u00e4lla h\u00f6gsta m\u00f6jliga kvalitet och s\u00e4kerhet.<br>Alla best\u00e4llningar skickas fr\u00e5n Sverige.<\/p>\n<\/div><\/div>\n\n<\/div><\/div>","protected":false},"excerpt":{"rendered":"<p>V\u00e5rt Uppdrag p\u00e5 Boost Shilajit P\u00e5 Boost Shilajit str\u00e4var vi efter att erbjuda de renaste och mest effektiva kosttillskotten f\u00f6r att optimera v\u00e5ra kunders h\u00e4lsa och prestation. Vi tror att en balanserad och stark h\u00e4lsa \u00e4r nyckeln till ett lyckligt liv. D\u00e4rf\u00f6r utvecklar vi noggrant utvalda, naturliga produkter som \u00f6kar energi, kognitiv f\u00f6rm\u00e5ga och allm\u00e4nt&#8230;<\/p>\n","protected":false},"author":1,"featured_media":0,"parent":0,"menu_order":0,"comment_status":"closed","ping_status":"closed","template":"","meta":{"_kad_blocks_custom_css":"","_kad_blocks_head_custom_js":"","_kad_blocks_body_custom_js":"","_kad_blocks_footer_custom_js":"","_kadence_starter_templates_imported_post":false,"_kad_post_transparent":"","_kad_post_title":"hide","_kad_post_layout":"","_kad_post_sidebar_id":"","_kad_post_content_style":"","_kad_post_vertical_padding":"hide","_kad_post_feature":"","_kad_post_feature_position":"","_kad_post_header":true,"_kad_post_footer":false,"_kad_post_classname":"","footnotes":""},"class_list":["post-1261","page","type-page","status-publish","hentry"],"taxonomy_info":[],"featured_image_src_large":false,"author_info":{"display_name":"boostshilajit.se","author_link":"https:\/\/www.boostshilajit.se\/sv_se\/author\/boostshilajit-se\/"},"comment_info":0,"_links":{"self":[{"href":"https:\/\/www.boostshilajit.se\/sv_se\/wp-json\/wp\/v2\/pages\/1261","targetHints":{"allow":["GET"]}}],"collection":[{"href":"https:\/\/www.boostshilajit.se\/sv_se\/wp-json\/wp\/v2\/pages"}],"about":[{"href":"https:\/\/www.boostshilajit.se\/sv_se\/wp-json\/wp\/v2\/types\/page"}],"author":[{"embeddable":true,"href":"https:\/\/www.boostshilajit.se\/sv_se\/wp-json\/wp\/v2\/users\/1"}],"replies":[{"embeddable":true,"href":"https:\/\/www.boostshilajit.se\/sv_se\/wp-json\/wp\/v2\/comments?post=1261"}],"version-history":[{"count":1,"href":"https:\/\/www.boostshilajit.se\/sv_se\/wp-json\/wp\/v2\/pages\/1261\/revisions"}],"predecessor-version":[{"id":1262,"href":"https:\/\/www.boostshilajit.se\/sv_se\/wp-json\/wp\/v2\/pages\/1261\/revisions\/1262"}],"wp:attachment":[{"href":"https:\/\/www.boostshilajit.se\/sv_se\/wp-json\/wp\/v2\/media?parent=1261"}],"curies":[{"name":"wp","href":"https:\/\/api.w.org\/{rel}","templated":true}]}}