{"id":1250,"date":"2025-02-06T19:52:02","date_gmt":"2025-02-06T19:52:02","guid":{"rendered":"https:\/\/www.boostshilajit.se\/?page_id=1250"},"modified":"2025-05-06T13:09:17","modified_gmt":"2025-05-06T13:09:17","slug":"aterbetalningspolicy","status":"publish","type":"page","link":"https:\/\/www.boostshilajit.se\/sv_se\/aterbetalningspolicy\/","title":{"rendered":"\u00c5terbetalningspolicy"},"content":{"rendered":"<style>.kb-row-layout-id1250_05d2cf-37 > .kt-row-column-wrap{align-content:start;}:where(.kb-row-layout-id1250_05d2cf-37 > .kt-row-column-wrap) > .wp-block-kadence-column{justify-content:start;}.kb-row-layout-id1250_05d2cf-37 > .kt-row-column-wrap{column-gap:var(--global-kb-gap-md, 2rem);row-gap:var(--global-kb-gap-md, 2rem);max-width:var( --global-content-width, 1290px );padding-left:var(--global-content-edge-padding);padding-right:var(--global-content-edge-padding);padding-top:var(--global-kb-spacing-sm, 1.5rem);padding-bottom:var(--global-kb-spacing-sm, 1.5rem);grid-template-columns:minmax(0, 1fr);}.kb-row-layout-id1250_05d2cf-37 > .kt-row-layout-overlay{opacity:0.30;}@media all and (max-width: 1024px){.kb-row-layout-id1250_05d2cf-37 > .kt-row-column-wrap{grid-template-columns:minmax(0, 1fr);}}@media all and (max-width: 767px){.kb-row-layout-id1250_05d2cf-37 > .kt-row-column-wrap{grid-template-columns:minmax(0, 1fr);}}<\/style><div class=\"kb-row-layout-wrap kb-row-layout-id1250_05d2cf-37 alignnone wp-block-kadence-rowlayout\"><div class=\"kt-row-column-wrap kt-has-1-columns kt-row-layout-equal kt-tab-layout-inherit kt-mobile-layout-row kt-row-valign-top kb-theme-content-width\">\n<style>.kadence-column1250_e0b466-54 > .kt-inside-inner-col,.kadence-column1250_e0b466-54 > .kt-inside-inner-col:before{border-top-left-radius:0px;border-top-right-radius:0px;border-bottom-right-radius:0px;border-bottom-left-radius:0px;}.kadence-column1250_e0b466-54 > .kt-inside-inner-col{column-gap:var(--global-kb-gap-sm, 1rem);}.kadence-column1250_e0b466-54 > .kt-inside-inner-col{flex-direction:column;}.kadence-column1250_e0b466-54 > .kt-inside-inner-col > .aligncenter{width:100%;}.kadence-column1250_e0b466-54 > .kt-inside-inner-col:before{opacity:0.3;}.kadence-column1250_e0b466-54{position:relative;}@media all and (max-width: 1024px){.kadence-column1250_e0b466-54 > .kt-inside-inner-col{flex-direction:column;justify-content:center;}}@media all and (max-width: 767px){.kadence-column1250_e0b466-54 > .kt-inside-inner-col{flex-direction:column;justify-content:center;}}<\/style>\n<div class=\"wp-block-kadence-column kadence-column1250_e0b466-54\"><div class=\"kt-inside-inner-col\"><style>.wp-block-kadence-advancedheading.kt-adv-heading1250_067c8e-ba, .wp-block-kadence-advancedheading.kt-adv-heading1250_067c8e-ba[data-kb-block=\"kb-adv-heading1250_067c8e-ba\"]{text-align:center;font-style:normal;}.wp-block-kadence-advancedheading.kt-adv-heading1250_067c8e-ba mark.kt-highlight, .wp-block-kadence-advancedheading.kt-adv-heading1250_067c8e-ba[data-kb-block=\"kb-adv-heading1250_067c8e-ba\"] mark.kt-highlight{font-style:normal;color:#f76a0c;-webkit-box-decoration-break:clone;box-decoration-break:clone;padding-top:0px;padding-right:0px;padding-bottom:0px;padding-left:0px;}.wp-block-kadence-advancedheading.kt-adv-heading1250_067c8e-ba img.kb-inline-image, .wp-block-kadence-advancedheading.kt-adv-heading1250_067c8e-ba[data-kb-block=\"kb-adv-heading1250_067c8e-ba\"] img.kb-inline-image{width:150px;vertical-align:baseline;}<\/style>\n<h1 class=\"kt-adv-heading1250_067c8e-ba wp-block-kadence-advancedheading\" data-kb-block=\"kb-adv-heading1250_067c8e-ba\">\u00c5terbetalningspolicy<\/h1>\n\n\n<style>.wp-block-kadence-advancedheading.kt-adv-heading1250_e07fd2-5b, .wp-block-kadence-advancedheading.kt-adv-heading1250_e07fd2-5b[data-kb-block=\"kb-adv-heading1250_e07fd2-5b\"]{font-style:normal;}.wp-block-kadence-advancedheading.kt-adv-heading1250_e07fd2-5b mark.kt-highlight, .wp-block-kadence-advancedheading.kt-adv-heading1250_e07fd2-5b[data-kb-block=\"kb-adv-heading1250_e07fd2-5b\"] mark.kt-highlight{font-style:normal;color:#f76a0c;-webkit-box-decoration-break:clone;box-decoration-break:clone;padding-top:0px;padding-right:0px;padding-bottom:0px;padding-left:0px;}.wp-block-kadence-advancedheading.kt-adv-heading1250_e07fd2-5b img.kb-inline-image, .wp-block-kadence-advancedheading.kt-adv-heading1250_e07fd2-5b[data-kb-block=\"kb-adv-heading1250_e07fd2-5b\"] img.kb-inline-image{width:150px;vertical-align:baseline;}<\/style>\n<h4 class=\"kt-adv-heading1250_e07fd2-5b wp-block-kadence-advancedheading\" data-kb-block=\"kb-adv-heading1250_e07fd2-5b\">Leveransinformation:<\/h4>\n\n\n<style>.wp-block-kadence-advancedheading.kt-adv-heading1250_8b84ab-db, .wp-block-kadence-advancedheading.kt-adv-heading1250_8b84ab-db[data-kb-block=\"kb-adv-heading1250_8b84ab-db\"]{font-style:normal;}.wp-block-kadence-advancedheading.kt-adv-heading1250_8b84ab-db mark.kt-highlight, .wp-block-kadence-advancedheading.kt-adv-heading1250_8b84ab-db[data-kb-block=\"kb-adv-heading1250_8b84ab-db\"] mark.kt-highlight{font-style:normal;color:#f76a0c;-webkit-box-decoration-break:clone;box-decoration-break:clone;padding-top:0px;padding-right:0px;padding-bottom:0px;padding-left:0px;}.wp-block-kadence-advancedheading.kt-adv-heading1250_8b84ab-db img.kb-inline-image, .wp-block-kadence-advancedheading.kt-adv-heading1250_8b84ab-db[data-kb-block=\"kb-adv-heading1250_8b84ab-db\"] img.kb-inline-image{width:150px;vertical-align:baseline;}<\/style>\n<p class=\"kt-adv-heading1250_8b84ab-db wp-block-kadence-advancedheading\" data-kb-block=\"kb-adv-heading1250_8b84ab-db\">Best\u00e4llningar skickas normalt inom 24 timmar. <\/p>\n\n\n<style>.wp-block-kadence-advancedheading.kt-adv-heading1250_aa3224-0b, .wp-block-kadence-advancedheading.kt-adv-heading1250_aa3224-0b[data-kb-block=\"kb-adv-heading1250_aa3224-0b\"]{font-style:normal;}.wp-block-kadence-advancedheading.kt-adv-heading1250_aa3224-0b mark.kt-highlight, .wp-block-kadence-advancedheading.kt-adv-heading1250_aa3224-0b[data-kb-block=\"kb-adv-heading1250_aa3224-0b\"] mark.kt-highlight{font-style:normal;color:#f76a0c;-webkit-box-decoration-break:clone;box-decoration-break:clone;padding-top:0px;padding-right:0px;padding-bottom:0px;padding-left:0px;}.wp-block-kadence-advancedheading.kt-adv-heading1250_aa3224-0b img.kb-inline-image, .wp-block-kadence-advancedheading.kt-adv-heading1250_aa3224-0b[data-kb-block=\"kb-adv-heading1250_aa3224-0b\"] img.kb-inline-image{width:150px;vertical-align:baseline;}<\/style>\n<p class=\"kt-adv-heading1250_aa3224-0b wp-block-kadence-advancedheading\" data-kb-block=\"kb-adv-heading1250_aa3224-0b\">F\u00f6rv\u00e4ntas leveranstid 1-3 dagar med Postnord till brevl\u00e5da eller utl\u00e4mningsst\u00e4lle.<\/p>\n\n\n<style>.wp-block-kadence-advancedheading.kt-adv-heading1250_813616-c6, .wp-block-kadence-advancedheading.kt-adv-heading1250_813616-c6[data-kb-block=\"kb-adv-heading1250_813616-c6\"]{font-style:normal;}.wp-block-kadence-advancedheading.kt-adv-heading1250_813616-c6 mark.kt-highlight, .wp-block-kadence-advancedheading.kt-adv-heading1250_813616-c6[data-kb-block=\"kb-adv-heading1250_813616-c6\"] mark.kt-highlight{font-style:normal;color:#f76a0c;-webkit-box-decoration-break:clone;box-decoration-break:clone;padding-top:0px;padding-right:0px;padding-bottom:0px;padding-left:0px;}.wp-block-kadence-advancedheading.kt-adv-heading1250_813616-c6 img.kb-inline-image, .wp-block-kadence-advancedheading.kt-adv-heading1250_813616-c6[data-kb-block=\"kb-adv-heading1250_813616-c6\"] img.kb-inline-image{width:150px;vertical-align:baseline;}<\/style>\n<h4 class=\"kt-adv-heading1250_813616-c6 wp-block-kadence-advancedheading\" data-kb-block=\"kb-adv-heading1250_813616-c6\">Returpolicy:<\/h4>\n\n\n<style>.wp-block-kadence-advancedheading.kt-adv-heading1250_03ea5f-89, .wp-block-kadence-advancedheading.kt-adv-heading1250_03ea5f-89[data-kb-block=\"kb-adv-heading1250_03ea5f-89\"]{font-style:normal;}.wp-block-kadence-advancedheading.kt-adv-heading1250_03ea5f-89 mark.kt-highlight, .wp-block-kadence-advancedheading.kt-adv-heading1250_03ea5f-89[data-kb-block=\"kb-adv-heading1250_03ea5f-89\"] mark.kt-highlight{font-style:normal;color:#f76a0c;-webkit-box-decoration-break:clone;box-decoration-break:clone;padding-top:0px;padding-right:0px;padding-bottom:0px;padding-left:0px;}.wp-block-kadence-advancedheading.kt-adv-heading1250_03ea5f-89 img.kb-inline-image, .wp-block-kadence-advancedheading.kt-adv-heading1250_03ea5f-89[data-kb-block=\"kb-adv-heading1250_03ea5f-89\"] img.kb-inline-image{width:150px;vertical-align:baseline;}<\/style>\n<p class=\"kt-adv-heading1250_03ea5f-89 wp-block-kadence-advancedheading\" data-kb-block=\"kb-adv-heading1250_03ea5f-89\">30 dagars \u00f6ppet k\u00f6p f\u00f6rutsatt obruten f\u00f6rpackning. Kontakta oss p\u00e5 kundservice@boostshilajit.se f\u00f6r att uppr\u00e4tta en retur.<\/p>\n<\/div><\/div>\n\n<\/div><\/div>","protected":false},"excerpt":{"rendered":"<p>\u00c5terbetalningspolicy Leveransinformation: Best\u00e4llningar skickas normalt inom 24 timmar. F\u00f6rv\u00e4ntas leveranstid 1-3 dagar med Postnord till brevl\u00e5da eller utl\u00e4mningsst\u00e4lle. Returpolicy: 30 dagars \u00f6ppet k\u00f6p f\u00f6rutsatt obruten f\u00f6rpackning. Kontakta oss p\u00e5 kundservice@boostshilajit.se f\u00f6r att uppr\u00e4tta en retur.<\/p>\n","protected":false},"author":1,"featured_media":0,"parent":0,"menu_order":0,"comment_status":"closed","ping_status":"closed","template":"","meta":{"_kad_blocks_custom_css":"","_kad_blocks_head_custom_js":"","_kad_blocks_body_custom_js":"","_kad_blocks_footer_custom_js":"","_kadence_starter_templates_imported_post":false,"_kad_post_transparent":"","_kad_post_title":"hide","_kad_post_layout":"fullwidth","_kad_post_sidebar_id":"","_kad_post_content_style":"unboxed","_kad_post_vertical_padding":"hide","_kad_post_feature":"","_kad_post_feature_position":"","_kad_post_header":false,"_kad_post_footer":false,"_kad_post_classname":"","footnotes":""},"class_list":["post-1250","page","type-page","status-publish","hentry"],"taxonomy_info":[],"featured_image_src_large":false,"author_info":{"display_name":"boostshilajit.se","author_link":"https:\/\/www.boostshilajit.se\/sv_se\/author\/boostshilajit-se\/"},"comment_info":0,"_links":{"self":[{"href":"https:\/\/www.boostshilajit.se\/sv_se\/wp-json\/wp\/v2\/pages\/1250","targetHints":{"allow":["GET"]}}],"collection":[{"href":"https:\/\/www.boostshilajit.se\/sv_se\/wp-json\/wp\/v2\/pages"}],"about":[{"href":"https:\/\/www.boostshilajit.se\/sv_se\/wp-json\/wp\/v2\/types\/page"}],"author":[{"embeddable":true,"href":"https:\/\/www.boostshilajit.se\/sv_se\/wp-json\/wp\/v2\/users\/1"}],"replies":[{"embeddable":true,"href":"https:\/\/www.boostshilajit.se\/sv_se\/wp-json\/wp\/v2\/comments?post=1250"}],"version-history":[{"count":3,"href":"https:\/\/www.boostshilajit.se\/sv_se\/wp-json\/wp\/v2\/pages\/1250\/revisions"}],"predecessor-version":[{"id":1610,"href":"https:\/\/www.boostshilajit.se\/sv_se\/wp-json\/wp\/v2\/pages\/1250\/revisions\/1610"}],"wp:attachment":[{"href":"https:\/\/www.boostshilajit.se\/sv_se\/wp-json\/wp\/v2\/media?parent=1250"}],"curies":[{"name":"wp","href":"https:\/\/api.w.org\/{rel}","templated":true}]}}