{"id":1835,"date":"2026-01-07T15:37:00","date_gmt":"2026-01-07T15:37:00","guid":{"rendered":"https:\/\/www.boostshilajit.se\/?post_type=product&#038;p=1835"},"modified":"2026-01-07T15:39:08","modified_gmt":"2026-01-07T15:39:08","slug":"magnesium-glycinate-500mg","status":"publish","type":"product","link":"https:\/\/www.boostshilajit.se\/en\/magnesium-glycinate-500mg\/","title":{"rendered":"Magnesium Glycinate 500MG"},"content":{"rendered":"<p>En viktig del av din kv\u00e4llsrutin \u00e4r Magnesium glycinate Tablett som b\u00f6rjar verka n\u00e4r du l\u00e4gger huvudet p\u00e5 kudden. De inneh\u00e5ller 5<b>00 mg magnesium\u00a0<\/b>per portion f\u00f6r att optimera din natts\u00f6mn.<\/p>\n<p>Magnesium Bisglycinate Tablets \u00e4r en 4,5-stj\u00e4rnig favorit bland \u00f6ver 2 000 kunder &#8211; \u201dDe \u00e4r fantastiska! Jag tar tv\u00e5 varje kv\u00e4ll innan jag g\u00e5r och l\u00e4gger mig.\u201d<\/p>\n<p><b>PRODUKTSAMMANFATTNING<\/b><\/p>\n<p>Minskar tr\u00f6tthet\u00b9. Reparerar kroppen\u00b2. Vakna redo f\u00f6r en ny dag. V\u00e5ra tablett hj\u00e4lper kroppen att ladda upp s\u00e5 att du \u00e4r redo f\u00f6r n\u00e4sta pass.<\/p>\n<p>Ta dem varje kv\u00e4ll f\u00f6r att orka tr\u00e4na dagen d\u00e4rp\u00e5.<\/p>","protected":false},"excerpt":{"rendered":"<p>En viktig del av din kv\u00e4llsrutin \u00e4r Magnesium glycinate Tablett som b\u00f6rjar verka n\u00e4r du l\u00e4gger huvudet p\u00e5 kudden. De inneh\u00e5ller 500 mg magnesium\u00a0per portion f\u00f6r att optimera din natts\u00f6mn. Magnesium Bisglycinate Tablets \u00e4r en 4,5-stj\u00e4rnig favorit bland \u00f6ver 2 000 kunder &#8211; \u201dDe \u00e4r fantastiska! Jag tar tv\u00e5 varje kv\u00e4ll innan jag g\u00e5r och&#8230;<\/p>","protected":false},"featured_media":1836,"comment_status":"open","ping_status":"closed","template":"","meta":{"_kad_blocks_custom_css":"","_kad_blocks_head_custom_js":"","_kad_blocks_body_custom_js":"","_kad_blocks_footer_custom_js":"","_kadence_starter_templates_imported_post":false,"_kad_post_transparent":"default","_kad_post_title":"","_kad_post_layout":"default","_kad_post_sidebar_id":"","_kad_post_content_style":"default","_kad_post_vertical_padding":"default","_kad_post_feature":"","_kad_post_feature_position":"","_kad_post_header":false,"_kad_post_footer":false,"_kad_post_classname":""},"product_brand":[],"product_cat":[16],"product_tag":[],"product_brands":[],"class_list":{"0":"post-1835","1":"product","2":"type-product","3":"status-publish","4":"has-post-thumbnail","6":"product_cat-vitaminer-kosstillskott","8":"first","9":"outofstock","10":"taxable","11":"shipping-taxable","12":"purchasable","13":"product-type-simple","14":"entry","15":"content-bg","16":"loop-entry"},"taxonomy_info":{"product_cat":[{"value":16,"label":"Kostillskott"}]},"featured_image_src_large":["https:\/\/www.boostshilajit.se\/wp-content\/uploads\/2026\/01\/magnesium-1024x1024.avif",1024,1024,true],"author_info":[],"comment_info":0,"_links":{"self":[{"href":"https:\/\/www.boostshilajit.se\/en\/wp-json\/wp\/v2\/product\/1835","targetHints":{"allow":["GET"]}}],"collection":[{"href":"https:\/\/www.boostshilajit.se\/en\/wp-json\/wp\/v2\/product"}],"about":[{"href":"https:\/\/www.boostshilajit.se\/en\/wp-json\/wp\/v2\/types\/product"}],"replies":[{"embeddable":true,"href":"https:\/\/www.boostshilajit.se\/en\/wp-json\/wp\/v2\/comments?post=1835"}],"wp:featuredmedia":[{"embeddable":true,"href":"https:\/\/www.boostshilajit.se\/en\/wp-json\/wp\/v2\/media\/1836"}],"wp:attachment":[{"href":"https:\/\/www.boostshilajit.se\/en\/wp-json\/wp\/v2\/media?parent=1835"}],"wp:term":[{"taxonomy":"product_brand","embeddable":true,"href":"https:\/\/www.boostshilajit.se\/en\/wp-json\/wp\/v2\/product_brand?post=1835"},{"taxonomy":"product_cat","embeddable":true,"href":"https:\/\/www.boostshilajit.se\/en\/wp-json\/wp\/v2\/product_cat?post=1835"},{"taxonomy":"product_tag","embeddable":true,"href":"https:\/\/www.boostshilajit.se\/en\/wp-json\/wp\/v2\/product_tag?post=1835"},{"taxonomy":"product_brands","embeddable":true,"href":"https:\/\/www.boostshilajit.se\/en\/wp-json\/wp\/v2\/product_brands?post=1835"}],"curies":[{"name":"wp","href":"https:\/\/api.w.org\/{rel}","templated":true}]}}